{"id":375,"date":"2025-11-15T20:54:12","date_gmt":"2025-11-15T20:54:12","guid":{"rendered":"https:\/\/medioambientedisplay.com\/?post_type=product&#038;p=375"},"modified":"2025-11-16T08:39:20","modified_gmt":"2025-11-16T08:39:20","slug":"contrato-suscripcion-obligatorio-con-la-venta","status":"publish","type":"product","link":"https:\/\/medioambientedisplay.com\/?product=contrato-suscripcion-obligatorio-con-la-venta","title":{"rendered":"Contrato Suscripci\u00f3n Obligatorio con la Venta"},"content":{"rendered":"<p><strong>2.2. Cuota Mensual de Suscripci\u00f3n<\/strong><\/p>\n<p>El CLIENTE abonar\u00e1 a LA EMPRESA una\u00a0<strong>cuota mensual de 25 \u20ac (veinticinco euros) m\u00e1s IVA<\/strong>, equivalente a\u00a0<strong>300 \u20ac (trescientos euros) anuales<\/strong>, destinada a cubrir:<\/p>\n<ul>\n<li>las licencias de propiedad industrial y software asociadas al equipo,<\/li>\n<li>los servicios de comunicaci\u00f3n, control y registro de incidencias,<\/li>\n<li>y el mantenimiento del equipo.<\/li>\n<\/ul>\n<p><strong>2.4. Forma de Pago<\/strong><\/p>\n<p>Todos los pagos derivados de la suscripci\u00f3n ser\u00e1n efectuados con periodicidad mensual mediante pago electr\u00f3nico, ya sea a trav\u00e9s de tarjeta de cr\u00e9dito o mediante recibo emitido por LA EMPRESA, conforme a las condiciones y procedimientos que \u00e9sta determine.<\/p>\n","protected":false},"excerpt":{"rendered":"<p>SUCRIBIRSE UNA VEZ INSTALADO EN EQUIPO EN EL LOCAL<\/p>\n<p>El CLIENTE abonar\u00e1 a LA EMPRESA una\u00a0<strong>cuota mensual de 25 \u20ac (veinticinco euros) m\u00e1s IVA<\/strong>, equivalente a\u00a0<strong>300 \u20ac (trescientos euros) anuales<\/strong><\/p>\n","protected":false},"featured_media":287,"template":"","meta":[],"product_brand":[],"product_cat":[20],"product_tag":[],"class_list":{"0":"post-375","1":"product","2":"type-product","3":"status-publish","4":"has-post-thumbnail","6":"product_cat-sin-categorizar","8":"first","9":"instock","10":"virtual","11":"taxable","12":"purchasable","13":"product-type-simple"},"jetpack_sharing_enabled":true,"_links":{"self":[{"href":"https:\/\/medioambientedisplay.com\/index.php?rest_route=\/wp\/v2\/product\/375","targetHints":{"allow":["GET"]}}],"collection":[{"href":"https:\/\/medioambientedisplay.com\/index.php?rest_route=\/wp\/v2\/product"}],"about":[{"href":"https:\/\/medioambientedisplay.com\/index.php?rest_route=\/wp\/v2\/types\/product"}],"wp:featuredmedia":[{"embeddable":true,"href":"https:\/\/medioambientedisplay.com\/index.php?rest_route=\/wp\/v2\/media\/287"}],"wp:attachment":[{"href":"https:\/\/medioambientedisplay.com\/index.php?rest_route=%2Fwp%2Fv2%2Fmedia&parent=375"}],"wp:term":[{"taxonomy":"product_brand","embeddable":true,"href":"https:\/\/medioambientedisplay.com\/index.php?rest_route=%2Fwp%2Fv2%2Fproduct_brand&post=375"},{"taxonomy":"product_cat","embeddable":true,"href":"https:\/\/medioambientedisplay.com\/index.php?rest_route=%2Fwp%2Fv2%2Fproduct_cat&post=375"},{"taxonomy":"product_tag","embeddable":true,"href":"https:\/\/medioambientedisplay.com\/index.php?rest_route=%2Fwp%2Fv2%2Fproduct_tag&post=375"}],"curies":[{"name":"wp","href":"https:\/\/api.w.org\/{rel}","templated":true}]}}