{"id":478,"date":"2026-01-12T16:33:31","date_gmt":"2026-01-12T16:33:31","guid":{"rendered":"https:\/\/medioambientedisplay.com\/?page_id=478"},"modified":"2026-01-12T18:59:52","modified_gmt":"2026-01-12T18:59:52","slug":"normativa","status":"publish","type":"page","link":"https:\/\/medioambientedisplay.com\/?page_id=478","title":{"rendered":"Normativa"},"content":{"rendered":"\n<h2 class=\"wp-block-heading\">L\u00edmites en CALLES (seg\u00fan zona ac\u00fastica)<\/h2>\n\n\n\n<figure class=\"wp-block-table\"><table class=\"has-fixed-layout\"><thead><tr><th>Zona<\/th><th>D\u00eda<\/th><th>Noche<\/th><\/tr><\/thead><tbody><tr><td>Zona residencial<\/td><td><strong>65<\/strong><\/td><td><strong>55<\/strong><\/td><\/tr><tr><td>Zona mixta<\/td><td><strong>70<\/strong><\/td><td><strong>60<\/strong><\/td><\/tr><tr><td>Zona ocio \/ tr\u00e1fico<\/td><td><strong>70\u201375<\/strong><\/td><td><strong>65<\/strong><\/td><\/tr><\/tbody><\/table><\/figure>\n\n\n\n<h3 class=\"wp-block-heading\">Espec\u00edfico para locales (bares\/restaurantes)<\/h3>\n\n\n\n<ul class=\"wp-block-list\">\n<li class=\"has-black-color has-text-color has-link-color wp-elements-a9c53d0c10f8abaf1940b20a23dc20af\"><strong>Si un local con terraza o m\u00fasica est\u00e1 junto a viviendas, la ordenanza exige que el ruido desde la fachada no supere:<\/strong>\n<ul class=\"wp-block-list\">\n<li class=\"has-black-color has-text-color has-link-color wp-elements-7e9067815ae50bf323f516e990f6e009\"><strong>30 dB en el dormitorio desde las 7:00 hasta las 23:00<\/strong><\/li>\n\n\n\n<li class=\"has-black-color has-text-color has-link-color wp-elements-9d26f312ed66a2b996d21de2b04d0bbb\"><strong>25 dB entre las 23:00 y las 7:00<\/strong><\/li>\n<\/ul>\n<\/li>\n\n\n\n<li class=\"has-black-color has-text-color has-link-color wp-elements-3d0fcb6299201a3f059ea19bca51344f\"><strong>Esto se mide desde el interior de la vivienda afectada.<\/strong><\/li>\n<\/ul>\n\n\n\n<h2 class=\"wp-block-heading\">L\u00edmites en CALLES (ruido ambiental)<\/h2>\n\n\n\n<h2 class=\"wp-block-heading\">\u00bfCu\u00e1ndo la terraza es denunciable?<\/h2>\n\n\n\n<p class=\"has-black-color has-text-color has-link-color wp-elements-81183e818c80459d027affa068cffe68\"><strong>Pueden denunciar si hay:<\/strong><\/p>\n\n\n\n<ul class=\"wp-block-list\">\n<li class=\"has-black-color has-text-color has-link-color wp-elements-8a636a982ab5465c93e8bbda4e7aa7f6\"><strong>Ruido molesto y reiterado<\/strong><\/li>\n\n\n\n<li class=\"has-black-color has-text-color has-link-color wp-elements-82254e1f72475e9d01c2263ac275a862\"><strong>Clientes despu\u00e9s del horario permitido<\/strong><\/li>\n\n\n\n<li class=\"has-black-color has-text-color has-link-color wp-elements-f81664af91ae5d949097e79112217207\"><strong>Terraza fuera de horario<\/strong><\/li>\n\n\n\n<li class=\"has-black-color has-text-color has-link-color wp-elements-8a487b5e696abf3d6f40d65b87add80e\"><strong>M\u00e1s mesas de las autorizadas<\/strong><\/li>\n\n\n\n<li class=\"has-black-color has-text-color has-link-color wp-elements-da6df4c03cbc3f594756c198a8c3f410\"><strong>Clientes de pie<\/strong><\/li>\n\n\n\n<li class=\"has-black-color has-text-color has-link-color wp-elements-b8296c0c956da413917b998c790c4c11\"><strong>Molestias continuadas por la noche<\/strong><\/li>\n<\/ul>\n\n\n\n<p class=\"has-black-color has-text-color has-link-color wp-elements-7ace05a3c5c7163ac2a85839f65437de\">\ud83d\udc49 <strong>No necesita medir decibelios<\/strong>.<\/p>\n\n\n\n<p class=\"has-black-color has-text-color has-link-color wp-elements-81183e818c80459d027affa068cffe68\"><strong>Pueden denunciar si hay:<\/strong><\/p>\n\n\n\n<ul class=\"wp-block-list\">\n<li class=\"has-black-color has-text-color has-link-color wp-elements-8a636a982ab5465c93e8bbda4e7aa7f6\"><strong>Ruido molesto y reiterado<\/strong><\/li>\n\n\n\n<li class=\"has-black-color has-text-color has-link-color wp-elements-82254e1f72475e9d01c2263ac275a862\"><strong>Clientes despu\u00e9s del horario permitido<\/strong><\/li>\n\n\n\n<li class=\"has-black-color has-text-color has-link-color wp-elements-f81664af91ae5d949097e79112217207\"><strong>Terraza fuera de horario<\/strong><\/li>\n\n\n\n<li class=\"has-black-color has-text-color has-link-color wp-elements-8a487b5e696abf3d6f40d65b87add80e\"><strong>M\u00e1s mesas de las autorizadas<\/strong><\/li>\n\n\n\n<li class=\"has-black-color has-text-color has-link-color wp-elements-da6df4c03cbc3f594756c198a8c3f410\"><strong>Clientes de pie<\/strong><\/li>\n\n\n\n<li class=\"has-black-color has-text-color has-link-color wp-elements-b8296c0c956da413917b998c790c4c11\"><strong>Molestias continuadas por la noche<\/strong><\/li>\n<\/ul>\n\n\n\n<p class=\"has-black-color has-text-color has-link-color wp-elements-0375ce98655fac7e8a7040e9a4f23112\">\ud83d\udc49<strong> No necesitan medir decibelios.<\/strong><\/p>\n\n\n\n<p class=\"has-black-color has-text-color has-link-color wp-elements-45954d3a80b33b799e7531303e16b1a4\"><strong>El restaurante es responsable de:<\/strong><\/p>\n\n\n\n<h3 class=\"wp-block-heading\">Controlar el ruido de clientes dentro<\/h3>\n\n\n\n<ul class=\"wp-block-list\">\n<li class=\"has-black-color has-text-color has-link-color wp-elements-5d73e63b7997aa606379ed77ef504791\"><strong>Gritos<\/strong><\/li>\n\n\n\n<li class=\"has-black-color has-text-color has-link-color wp-elements-0cfb0ce12e949760c59fbde7f06c5c6f\"><strong>Celebraciones<\/strong><\/li>\n\n\n\n<li class=\"has-black-color has-text-color has-link-color wp-elements-abdddcbd5293ce41e3e6c2573e13a9a6\"><strong>Cumplea\u00f1os<\/strong><\/li>\n\n\n\n<li class=\"has-black-color has-text-color has-link-color wp-elements-4b3e9534b882aadc0c66634d1bc027bf\"><strong>Arrastre de sillas<\/strong><\/li>\n\n\n\n<li class=\"has-black-color has-text-color has-link-color wp-elements-76c896201015982a217bdc67d35ff0a1\"><strong>Portazos<\/strong><\/li>\n<\/ul>\n\n\n\n<p class=\"has-black-color has-text-color has-link-color wp-elements-cb3e930dd6f629e639704e2227bc85ef\"><strong>\u201cNo puedo controlar a los clientes\u201d NO es excusa legal.<\/strong><\/p>\n\n\n\n<p><\/p>\n\n\n\n<hr class=\"wp-block-separator has-alpha-channel-opacity\"\/>\n\n\n\n<p class=\"has-black-color has-text-color has-link-color wp-elements-64bc466675cc3bb1ab34e1e263dff6c8\"><strong>\u2714\ufe0f Madrid y Barcelona tienen l\u00edmites casi id\u00e9nticos en viviendas<\/strong><br>\u2714\ufe0f<strong> Dormitorios de noche: 25 dB<\/strong><br>\u2714\ufe0f<strong> El ruido de terrazas y calle s\u00ed cuenta<\/strong><br>\u2714\ufe0f<strong> El bar es responsable incluso del ruido en la v\u00eda p\u00fablica<\/strong><br>\u2714\ufe0f<strong> Si se oye claramente conversaci\u00f3n \u2192 casi seguro exceso legal<\/strong><\/p>\n\n\n\n<h2 class=\"wp-block-heading\"> MULTAS POR RUIDO \u2014 RESUMEN R\u00c1PIDO<\/h2>\n\n\n\n<p class=\"has-black-color has-text-color has-link-color wp-elements-1e1ebc072d589019763a4e67413749b4\"><strong>RESUMEN CLARO Y COMPARADO de las MULTAS por ruido en BARCELONA y MADRID (bares, restaurantes, terrazas y calle).<\/strong><\/p>\n\n\n\n<h3 class=\"wp-block-heading\">BARCELONA<\/h3>\n\n\n\n<p class=\"has-black-color has-text-color has-link-color wp-elements-cb91a02081f34d0db9f1c191fdefcd61\"><strong>Ordenanza del Medio Ambiente + Ordenanza de Terrazas + Ordenanza de Civisme<\/strong><\/p>\n\n\n\n<figure class=\"wp-block-table\"><table class=\"has-fixed-layout\"><thead><tr><th><strong>Infracci\u00f3n<\/strong><\/th><th>Multa<\/th><\/tr><\/thead><tbody><tr><td><strong>Leve<\/strong> (molestias puntuales)<\/td><td>hasta <strong>750 \u20ac<\/strong><\/td><\/tr><tr><td><strong>Grave<\/strong> (ruido reiterado, nocturno, terraza fuera de horario)<\/td><td><strong>750 \u2013 1.500 \u20ac<\/strong><\/td><\/tr><tr><td><strong>Muy grave<\/strong> (reincidencia, afectaci\u00f3n grave al descanso)<\/td><td><strong>1.500 \u2013 3.000 \u20ac<\/strong><\/td><\/tr><\/tbody><\/table><\/figure>\n\n\n\n<p class=\"has-black-color has-text-color has-link-color wp-elements-70d93f2c2746080b7a0b026bf7e8096e\"><strong>Medidas adicionales<\/strong>:<\/p>\n\n\n\n<ul class=\"wp-block-list\">\n<li class=\"has-black-color has-text-color has-link-color wp-elements-e6b1e1cb3bef929a576a9a69e70db322\"><strong>Retirada de mesas y sillas<\/strong><\/li>\n\n\n\n<li class=\"has-black-color has-text-color has-link-color wp-elements-348570b51c6d3a603d1a579db07c933a\"><strong>Reducci\u00f3n de horario<\/strong><\/li>\n\n\n\n<li class=\"has-black-color has-text-color has-link-color wp-elements-973686ed1a488bdd37fe091a91b3c556\"><strong>Cierre temporal<\/strong><\/li>\n\n\n\n<li class=\"has-black-color has-text-color has-link-color wp-elements-62c6f79f0f858b8dd0ae5896a305b2d0\"><strong>Retirada de licencia o terraza<\/strong><\/li>\n<\/ul>\n\n\n\n<hr class=\"wp-block-separator has-alpha-channel-opacity\"\/>\n\n\n\n<h3 class=\"wp-block-heading\">MADRID<\/h3>\n\n\n\n<p class=\"has-black-color has-text-color has-link-color wp-elements-47afe992cf72d39eb229ea81d4597eef\"><strong>OPCAT + Ordenanza de Terrazas<\/strong><\/p>\n\n\n\n<figure class=\"wp-block-table\"><table class=\"has-fixed-layout\"><thead><tr><th>Infracci\u00f3n<\/th><th>Multa<\/th><\/tr><\/thead><tbody><tr><td><strong>Leve<\/strong><\/td><td>hasta <strong>750 \u20ac<\/strong><\/td><\/tr><tr><td><strong>Grave<\/strong><\/td><td><strong>750 \u2013 1.500 \u20ac<\/strong><\/td><\/tr><tr><td><strong>Muy grave<\/strong><\/td><td><strong>1.500 \u2013 3.000 \u20ac<\/strong><\/td><\/tr><\/tbody><\/table><\/figure>\n\n\n\n<p class=\"has-black-color has-text-color has-link-color wp-elements-8625b9e3e3c52f5a661cdb402b114b7c\"><strong>Medidas adicionales:<\/strong><\/p>\n\n\n\n<ul class=\"wp-block-list\">\n<li class=\"has-black-color has-text-color has-link-color wp-elements-f591d5461b5884034accf14ca69b59eb\"><strong>Cierre de terraza<\/strong><\/li>\n\n\n\n<li class=\"has-black-color has-text-color has-link-color wp-elements-348570b51c6d3a603d1a579db07c933a\"><strong>Reducci\u00f3n de horario<\/strong><\/li>\n\n\n\n<li class=\"has-black-color has-text-color has-link-color wp-elements-13d25f1b797c9ff7a0bd26217853ecac\"><strong>Obras obligatorias de insonorizaci\u00f3n<\/strong><\/li>\n\n\n\n<li class=\"has-black-color has-text-color has-link-color wp-elements-498943868e31d73d4e3bf8047849cba6\"><strong>Suspensi\u00f3n o retirada de licencia<\/strong><\/li>\n<\/ul>\n\n\n\n<hr class=\"wp-block-separator has-alpha-channel-opacity\"\/>\n\n\n\n<h2 class=\"wp-block-heading\"> PUNTOS CLAVE (ambas ciudades)<\/h2>\n\n\n\n<p class=\"has-black-color has-text-color has-link-color wp-elements-40e4a6ff14a7ac232e0fcc98cecb059c\"><strong>\u2714\ufe0f El responsable siempre es el local<\/strong><br><strong>\u2714\ufe0f El ruido de clientes tambi\u00e9n cuenta<\/strong><br><strong>\u2714\ufe0f No necesitas son\u00f3metro<\/strong><br><strong>\u2714\ufe0f La reiteraci\u00f3n agrava la sanci\u00f3n<\/strong><br><strong>\u2714\ufe0f El descanso vecinal prevalece<\/strong><\/p>\n\n\n\n<hr class=\"wp-block-separator has-alpha-channel-opacity\"\/>\n\n\n\n<h2 class=\"wp-block-heading\">\ud83e\udde0 EN UNA FRASE<\/h2>\n\n\n\n<p class=\"has-black-color has-text-color has-link-color wp-elements-d883819fbe009e9c439f0a026cfe28ad\">\ud83d\udc49<strong> Molestia puntual \u2192 hasta 750 \u20ac<\/strong><br>\ud83d\udc49 <strong>Molestia reiterada\/nocturna \u2192 hasta 1.500 \u20ac<\/strong><br>\ud83d\udc49 <strong>Reincidencia grave \u2192 hasta 3.000 \u20ac + cierre<\/strong><\/p>\n","protected":false},"excerpt":{"rendered":"<p>L\u00edmites en CALLES (seg\u00fan zona ac\u00fastica) Zona D\u00eda Noche Zona residencial 65 55 Zona mixta 70 60 Zona ocio \/ tr\u00e1fico 70\u201375 65 Espec\u00edfico para locales (bares\/restaurantes) L\u00edmites en CALLES &#8230;<\/p>\n","protected":false},"author":1,"featured_media":0,"parent":0,"menu_order":0,"comment_status":"closed","ping_status":"closed","template":"","meta":{"footnotes":""},"class_list":["post-478","page","type-page","status-publish","hentry"],"jetpack_sharing_enabled":true,"_links":{"self":[{"href":"https:\/\/medioambientedisplay.com\/index.php?rest_route=\/wp\/v2\/pages\/478","targetHints":{"allow":["GET"]}}],"collection":[{"href":"https:\/\/medioambientedisplay.com\/index.php?rest_route=\/wp\/v2\/pages"}],"about":[{"href":"https:\/\/medioambientedisplay.com\/index.php?rest_route=\/wp\/v2\/types\/page"}],"author":[{"embeddable":true,"href":"https:\/\/medioambientedisplay.com\/index.php?rest_route=\/wp\/v2\/users\/1"}],"replies":[{"embeddable":true,"href":"https:\/\/medioambientedisplay.com\/index.php?rest_route=%2Fwp%2Fv2%2Fcomments&post=478"}],"version-history":[{"count":8,"href":"https:\/\/medioambientedisplay.com\/index.php?rest_route=\/wp\/v2\/pages\/478\/revisions"}],"predecessor-version":[{"id":497,"href":"https:\/\/medioambientedisplay.com\/index.php?rest_route=\/wp\/v2\/pages\/478\/revisions\/497"}],"wp:attachment":[{"href":"https:\/\/medioambientedisplay.com\/index.php?rest_route=%2Fwp%2Fv2%2Fmedia&parent=478"}],"curies":[{"name":"wp","href":"https:\/\/api.w.org\/{rel}","templated":true}]}}