{"id":3,"date":"2025-10-23T15:32:30","date_gmt":"2025-10-23T15:32:30","guid":{"rendered":"http:\/\/medioambientedisplay.com\/?page_id=3"},"modified":"2025-11-07T22:26:25","modified_gmt":"2025-11-07T22:26:25","slug":"privacy-policy","status":"publish","type":"page","link":"https:\/\/medioambientedisplay.com\/?page_id=3","title":{"rendered":"Pol\u00edtica Privacidad"},"content":{"rendered":"<div class=\"wp-block-image\">\n<figure class=\"aligncenter size-full is-resized\"><img loading=\"lazy\" decoding=\"async\" width=\"1024\" height=\"1024\" src=\"http:\/\/medioambientedisplay.com\/wp-content\/uploads\/2025\/11\/Logo-de-Medio-Ambiente-Display-3d.png\" alt=\"\" class=\"wp-image-287\" style=\"width:309px;height:auto\" srcset=\"https:\/\/medioambientedisplay.com\/wp-content\/uploads\/2025\/11\/Logo-de-Medio-Ambiente-Display-3d.png 1024w, https:\/\/medioambientedisplay.com\/wp-content\/uploads\/2025\/11\/Logo-de-Medio-Ambiente-Display-3d-300x300.png 300w, https:\/\/medioambientedisplay.com\/wp-content\/uploads\/2025\/11\/Logo-de-Medio-Ambiente-Display-3d-100x100.png 100w, https:\/\/medioambientedisplay.com\/wp-content\/uploads\/2025\/11\/Logo-de-Medio-Ambiente-Display-3d-600x600.png 600w\" sizes=\"auto, (max-width: 1024px) 100vw, 1024px\" \/><\/figure><\/div>\n\n\n<h2 class=\"wp-block-heading\">La direcci\u00f3n de nuestra web es: http:\/\/medioambientedisplay.com<\/h2>\n\n\n\n<h2 class=\"wp-block-heading\">Comentarios<\/h2>\n\n\n\n<p><strong><\/strong>Cuando los visitantes dejan comentarios en la web, recopilamos los datos que se muestran en el formulario de comentarios, as\u00ed como la direcci\u00f3n IP del visitante y la cadena de agentes de usuario del navegador para ayudar a la detecci\u00f3n de spam.<\/p>\n\n\n\n<p>Una cadena an\u00f3nima creada a partir de tu direcci\u00f3n de correo electr\u00f3nico (tambi\u00e9n llamada hash) puede ser proporcionada al servicio de Gravatar para ver si la est\u00e1s usando. La pol\u00edtica de privacidad del servicio Gravatar est\u00e1 disponible aqu\u00ed: https:\/\/automattic.com\/privacy\/. Despu\u00e9s de la aprobaci\u00f3n de tu comentario, la imagen de tu perfil es visible para el p\u00fablico en el contexto de tu comentario.<\/p>\n\n\n\n<h2 class=\"wp-block-heading\">Medios<\/h2>\n\n\n\n<p><strong><\/strong>Si subes im\u00e1genes a la web, deber\u00edas evitar subir im\u00e1genes con datos de ubicaci\u00f3n (GPS EXIF) incluidos. Los visitantes de la web pueden descargar y extraer cualquier dato de ubicaci\u00f3n de las im\u00e1genes de la web.<\/p>\n\n\n\n<h2 class=\"wp-block-heading\">Cookies<\/h2>\n\n\n\n<p><strong><\/strong>Si dejas un comentario en nuestro sitio puedes elegir guardar tu nombre, direcci\u00f3n de correo electr\u00f3nico y web en cookies. Esto es para tu comodidad, para que no tengas que volver a rellenar tus datos cuando dejes otro comentario. Estas cookies tendr\u00e1n una duraci\u00f3n de un a\u00f1o.<\/p>\n\n\n\n<p>Si tienes una cuenta y te conectas a este sitio, instalaremos una cookie temporal para determinar si tu navegador acepta cookies. Esta cookie no contiene datos personales y se elimina al cerrar el navegador.<\/p>\n\n\n\n<p>Cuando accedas, tambi\u00e9n instalaremos varias cookies para guardar tu informaci\u00f3n de acceso y tus opciones de visualizaci\u00f3n de pantalla. Las cookies de acceso duran dos d\u00edas, y las cookies de opciones de pantalla duran un a\u00f1o. Si seleccionas \u00abRecu\u00e9rdarme\u00bb, tu acceso perdurar\u00e1 durante dos semanas. Si sales de tu cuenta, las cookies de acceso se eliminar\u00e1n.<\/p>\n\n\n\n<p>Si editas o publicas un art\u00edculo se guardar\u00e1 una cookie adicional en tu navegador. Esta cookie no incluye datos personales y simplemente indica el ID del art\u00edculo que acabas de editar. Caduca despu\u00e9s de 1 d\u00eda.<\/p>\n\n\n\n<h2 class=\"wp-block-heading\">Contenido incrustado de otros sitios web<\/h2>\n\n\n\n<p>Los art\u00edculos de este sitio pueden incluir contenido incrustado (por ejemplo, v\u00eddeos, im\u00e1genes, art\u00edculos, etc.). El contenido incrustado de otras webs se comporta exactamente de la misma manera que si el visitante hubiera visitado la otra web.<\/p>\n\n\n\n<p>Estas web pueden recopilar datos sobre ti, utilizar cookies, incrustar un seguimiento adicional de terceros, y supervisar tu interacci\u00f3n con ese contenido incrustado, incluido el seguimiento de tu interacci\u00f3n con el contenido incrustado si tienes una cuenta y est\u00e1s conectado a esa web.<\/p>\n\n\n\n<h2 class=\"wp-block-heading\">Con qui\u00e9n compartimos tus datos<\/h2>\n\n\n\n<p>Si solicitas un restablecimiento de contrase\u00f1a, tu direcci\u00f3n IP ser\u00e1 incluida en el correo electr\u00f3nico de restablecimiento.<\/p>\n\n\n\n<h2 class=\"wp-block-heading\">Cu\u00e1nto tiempo conservamos tus datos<\/h2>\n\n\n\n<p><strong><\/strong>Si dejas un comentario, el comentario y sus metadatos se conservan indefinidamente. Esto es para que podamos reconocer y aprobar comentarios sucesivos autom\u00e1ticamente, en lugar de mantenerlos en una cola de moderaci\u00f3n.<\/p>\n\n\n\n<p>De los usuarios que se registran en nuestra web (si los hay), tambi\u00e9n almacenamos la informaci\u00f3n personal que proporcionan en su perfil de usuario. Todos los usuarios pueden ver, editar o eliminar su informaci\u00f3n personal en cualquier momento (excepto que no pueden cambiar su nombre de usuario). Los administradores de la web tambi\u00e9n pueden ver y editar esa informaci\u00f3n.<\/p>\n\n\n\n<h2 class=\"wp-block-heading\">Qu\u00e9 derechos tienes sobre tus datos<\/h2>\n\n\n\n<p>Si tienes una cuenta o has dejado comentarios en esta web, puedes solicitar recibir un archivo de exportaci\u00f3n de los datos personales que tenemos sobre ti, incluyendo cualquier dato que nos hayas proporcionado. Tambi\u00e9n puedes solicitar que eliminemos cualquier dato personal que tengamos sobre ti. Esto no incluye ning\u00fan dato que estemos obligados a conservar con fines administrativos, legales o de seguridad.<\/p>\n\n\n\n<h2 class=\"wp-block-heading\">D\u00f3nde enviamos tus datos<\/h2>\n\n\n\n<p>Los comentarios de los visitantes puede que los revise un servicio de detecci\u00f3n autom\u00e1tica de spam.<\/p>\n\n\n\n<p>TEXTO DE LA P\u00c1GINA \u00abPOL\u00cdTICA DE COOKIES\u00bb<br>ANTECEDENTES<br>De conformidad con la normativa espa\u00f1ola que regula el uso de cookies en relaci\u00f3n a la prestaci\u00f3n de<br>servicios de comunicaciones electr\u00f3nicas, recogida en el&nbsp;<a href=\"https:\/\/go.vlex.com\/vid\/172670\/node\/22.2?fbt=webapp_preview&amp;addon_version=6.9\" target=\"_blank\" rel=\"noreferrer noopener\">art\u00edculo 22.2<\/a>&nbsp;de la&nbsp;<a href=\"https:\/\/go.vlex.com\/vid\/172670?fbt=webapp_preview&amp;addon_version=6.9\" target=\"_blank\" rel=\"noreferrer noopener\">Ley 34\/2002<\/a>, del 11 de julio, de servicios de la sociedad de la informaci\u00f3n y de comercio electr\u00f3nico, le informamos sobre las cookies<br>utilizadas en el sitio web de&nbsp;<strong>MedioAmbienteDisplay <\/strong>&nbsp;y el motivo de su uso.<\/p>\n\n\n\n<p>\u00bfQUE SON LAS COOKIES?<br>Una cookie es un fichero que se descarga en su ordenador al acceder a determinadas p\u00e1ginas web. Las<br>cookies permiten a una p\u00e1gina web, entre otras cosas, almacenar y recuperar informaci\u00f3n sobre los h\u00e1bitos de navegaci\u00f3n de un usuario o de su equipo y, dependiendo de la informaci\u00f3n que contengan y de la forma en que utilice su equipo, pueden utilizarse para reconocer al usuario. Las cookies se asocian \u00fanicamente a un usuario an\u00f3nimo y su ordenador o dispositivo y no proporcionan referencias que permitan conocer sus datos personales.<\/p>\n\n\n\n<p><br>TIPOS DE COOKIES<br>Seg\u00fan la entidad que las gestiona<br>a.- Cookies propias: Son aqu\u00e9llas que se env\u00edan al equipo terminal del usuario desde un equipo o domini gestionado por el propio editor y desde el que se presta el servicio solicitado por el usuario.<br>b.- Cookies de terceros: Son aqu\u00e9llas que se env\u00edan al equipo terminal del usuario desde un equipo o<br>dominio que no es gestionado por el editor, sino por otra entidad que trata los datos obtenidos a trav\u00e9s de las cookies.<\/p>\n\n\n\n<p>Seg\u00fan la finalidad<br>Existen muchas finalidades para el uso de las cookies. Seg\u00fan la finalidad para la que se traten los datos<br>obtenidos a trav\u00e9s de las cookies, algunas de las finalidades pueden ser:<\/p>\n\n\n\n<p>a) Cookies t\u00e9cnicas: son aquellas que permiten al usuario la navegaci\u00f3n a trav\u00e9s de una p\u00e1gina web,<br>plataforma o aplicaci\u00f3n y la utilizaci\u00f3n de las diferentes opciones o servicios que en ella existan, incluyendo<br>aquellas que el editor utiliza para permitir la gesti\u00f3n y operativa de la p\u00e1gina web y habilitar sus funciones servicios, como, por ejemplo, controlar el tr\u00e1fico y la comunicaci\u00f3n de datos, identificar la sesi\u00f3n, acceder a partes de acceso restringido, recordar los elementos que integran un pedido, realizar el proceso de compra de un pedido, gestionar el pago, controlar el fraude vinculado a la seguridad del servicio, realizar la solicitud de inscripci\u00f3n o participaci\u00f3n en un evento, contar visitas a efectos de la facturaci\u00f3n de licencias del software con el que funciona el servicio (sitio web, plataforma o aplicaci\u00f3n), utilizar elementos de segurida durante la navegaci\u00f3n, almacenar contenidos para la difusi\u00f3n de v\u00eddeos o sonido, habilitar contenidos din\u00e1micos (por ejemplo, animaci\u00f3n de carga de un texto o imagen) o compartir contenidos a trav\u00e9s de redes sociales.<br>Las cookies t\u00e9cnicas estar\u00e1n exceptuadas del cumplimiento de las obligaciones establecidas en el art\u00edculo<br>22.2 de la&nbsp;<a href=\"https:\/\/go.vlex.com\/vid\/172670?fbt=webapp_preview&amp;addon_version=6.9\" target=\"_blank\" rel=\"noreferrer noopener\">LSSI<\/a>&nbsp;cuando permitan prestar el servicio solicitado por el usuario, como ocurre en el caso de las<br>cookies enumeradas en los p\u00e1rrafos anteriores. Sin embargo, si estas cookies se utilizan tambi\u00e9n para<br>finalidades no exentas (por ejemplo, para fines publicitarios comportamentales), quedar\u00e1n sujetas a dichas obligaciones.<\/p>\n\n\n\n<p>b) Cookies de preferencias o personalizaci\u00f3n: son aquellas que permiten recordar informaci\u00f3n para que el<br>usuario acceda al servicio con determinadas caracter\u00edsticas que pueden diferenciar su experiencia de la de<br>otros usuarios, como, por ejemplo, el idioma, el n\u00famero de resultados a mostrar cuando el usuario realiza<br>una b\u00fasqueda, el aspecto o contenido del servicio en funci\u00f3n del tipo de navegador a trav\u00e9s del cual el<br>usuario accede al servicio o de la regi\u00f3n desde la que accede al servicio, etc.<br>Si es el propio usuario quien elige esas caracter\u00edsticas (por ejemplo, si selecciona el idioma de un sitio web clicando en el icono de la bandera del pa\u00eds correspondiente), las cookies estar\u00e1n exceptuadas de las<br>obligaciones del&nbsp;<a href=\"https:\/\/go.vlex.com\/vid\/172670\/node\/22.2?fbt=webapp_preview&amp;addon_version=6.9\" target=\"_blank\" rel=\"noreferrer noopener\">art\u00edculo 22.2<\/a>&nbsp;de la&nbsp;<a href=\"https:\/\/go.vlex.com\/vid\/172670?fbt=webapp_preview&amp;addon_version=6.9\" target=\"_blank\" rel=\"noreferrer noopener\">LSSI<\/a>&nbsp;por considerarse un servicio expresamente solicitado por el usuario, y ello siempre y cuando las cookies obedezcan exclusivamente a la finalidad seleccionada.<\/p>\n\n\n\n<p>c) Cookies de an\u00e1lisis o medici\u00f3n: son aquellas que permiten al responsable de las mismas el seguimiento y<br>an\u00e1lisis del comportamiento de los usuarios de los sitios web a los que est\u00e1n vinculadas, incluida la<br>cuantificaci\u00f3n de los impactos de los anuncios. La informaci\u00f3n recogida mediante este tipo de cookies se<br>utiliza en la medici\u00f3n de la actividad de los sitios web, aplicaci\u00f3n o plataforma, con el fin de introducir<br>mejoras en funci\u00f3n del an\u00e1lisis de los datos de uso que hacen los usuarios del servicio.<br>d) Cookies de publicidad comportamental: son aquellas que almacenan informaci\u00f3n del comportamiento<br>de los usuarios obtenida a trav\u00e9s de la observaci\u00f3n continuada de sus h\u00e1bitos de navegaci\u00f3n, lo que permite desarrollar un perfil espec\u00edfico para mostrar publicidad en funci\u00f3n del mismo.<\/p>\n\n\n\n<p><br>Seg\u00fan el plazo de tiempo que permanecen activadas<br>a) Cookies de sesi\u00f3n: son aquellas dise\u00f1adas para recabar y almacenar datos mientras el usuario accede a<br>una p\u00e1gina web. Se suelen emplear para almacenar informaci\u00f3n que solo interesa conservar para la<br>prestaci\u00f3n del servicio solicitado por el usuario en una sola ocasi\u00f3n (por ejemplo, una lista de productos<br>adquiridos) y desaparecen al terminar la sesi\u00f3n.<br>b) Cookies persistentes: son aquellas en las que los datos siguen almacenados en el terminal y pueden ser<br>accedidos y tratados durante un periodo definido por el responsable de la cookie, y que puede ir de unos<br>minutos a varios a\u00f1os.<\/p>\n\n\n\n<p>LISTADO DE COOKIES UTILIZADAS POR ESTE SITIO WEB<br>La utilizaci\u00f3n de las cookies ofrece ventajas en la prestaci\u00f3n de servicios dentro de lo que se conoce como la<br>sociedad de la informaci\u00f3n, puesto que, facilita al usuario la navegaci\u00f3n y el acceso a los diferentes servicios<br>que ofrece este sitio web; evita al usuario tener que configurar las caracter\u00edsticas generales predefinidas<br>cada vez que accede al sitio web; favorece la mejora del funcionamiento y de los servicios prestados a trav\u00e9s<br>de este sitio web, tras el correspondiente an\u00e1lisis de la informaci\u00f3n obtenida a trav\u00e9s de<br>las cookies instaladas.<br>En concreto este sitio web utiliza las siguientes cookies:<\/p>\n\n\n\n<p>Nombre Entidad Caducidad Finalidad<br>De Terceros (Google Analytics) 2 a\u00f1os Se usa para distinguir usuarios y sesiones.<br>De Terceros (Google Analytics) 30 minutos Se usa para determinar nuevas sesiones o<br>visitas.<br>De Terceros (Google Analytics) Al finalizar la sesi\u00f3n Se configura para su uso con Urchin.<\/p>\n","protected":false},"excerpt":{"rendered":"<p>La direcci\u00f3n de nuestra web es: http:\/\/medioambientedisplay.com Comentarios Cuando los visitantes dejan comentarios en la web, recopilamos los datos que se muestran en el formulario de comentarios, as\u00ed como la &#8230;<\/p>\n","protected":false},"author":1,"featured_media":0,"parent":0,"menu_order":0,"comment_status":"closed","ping_status":"open","template":"","meta":{"footnotes":""},"class_list":["post-3","page","type-page","status-publish","hentry"],"jetpack_sharing_enabled":true,"_links":{"self":[{"href":"https:\/\/medioambientedisplay.com\/index.php?rest_route=\/wp\/v2\/pages\/3","targetHints":{"allow":["GET"]}}],"collection":[{"href":"https:\/\/medioambientedisplay.com\/index.php?rest_route=\/wp\/v2\/pages"}],"about":[{"href":"https:\/\/medioambientedisplay.com\/index.php?rest_route=\/wp\/v2\/types\/page"}],"author":[{"embeddable":true,"href":"https:\/\/medioambientedisplay.com\/index.php?rest_route=\/wp\/v2\/users\/1"}],"replies":[{"embeddable":true,"href":"https:\/\/medioambientedisplay.com\/index.php?rest_route=%2Fwp%2Fv2%2Fcomments&post=3"}],"version-history":[{"count":4,"href":"https:\/\/medioambientedisplay.com\/index.php?rest_route=\/wp\/v2\/pages\/3\/revisions"}],"predecessor-version":[{"id":293,"href":"https:\/\/medioambientedisplay.com\/index.php?rest_route=\/wp\/v2\/pages\/3\/revisions\/293"}],"wp:attachment":[{"href":"https:\/\/medioambientedisplay.com\/index.php?rest_route=%2Fwp%2Fv2%2Fmedia&parent=3"}],"curies":[{"name":"wp","href":"https:\/\/api.w.org\/{rel}","templated":true}]}}