{"id":103,"date":"2025-10-23T15:55:30","date_gmt":"2025-10-23T15:55:30","guid":{"rendered":"http:\/\/medioambientedisplay.com\/?page_id=103"},"modified":"2025-11-07T22:26:51","modified_gmt":"2025-11-07T22:26:51","slug":"quienes-somos","status":"publish","type":"page","link":"https:\/\/medioambientedisplay.com\/?page_id=103","title":{"rendered":"Qui\u00e9nes somos"},"content":{"rendered":"<div class=\"wp-block-image\">\n<figure class=\"aligncenter size-full is-resized\"><img loading=\"lazy\" decoding=\"async\" width=\"1024\" height=\"1024\" src=\"http:\/\/medioambientedisplay.com\/wp-content\/uploads\/2025\/11\/Logo-de-Medio-Ambiente-Display-3d.png\" alt=\"\" class=\"wp-image-287\" style=\"width:301px;height:auto\" srcset=\"https:\/\/medioambientedisplay.com\/wp-content\/uploads\/2025\/11\/Logo-de-Medio-Ambiente-Display-3d.png 1024w, https:\/\/medioambientedisplay.com\/wp-content\/uploads\/2025\/11\/Logo-de-Medio-Ambiente-Display-3d-300x300.png 300w, https:\/\/medioambientedisplay.com\/wp-content\/uploads\/2025\/11\/Logo-de-Medio-Ambiente-Display-3d-100x100.png 100w, https:\/\/medioambientedisplay.com\/wp-content\/uploads\/2025\/11\/Logo-de-Medio-Ambiente-Display-3d-600x600.png 600w\" sizes=\"auto, (max-width: 1024px) 100vw, 1024px\" \/><\/figure><\/div>\n\n\n<p>La presente invenci\u00f3n patente 202530502 se inscribe en el \u00e1mbito de la ingenier\u00eda electr\u00f3nica y de sistemas de monitorizaci\u00f3n ambiental, particularmente aquellos destinados a la medici\u00f3n, visualizaci\u00f3n, registro y gesti\u00f3n remota de par\u00e1metros ambientales en espacios p\u00fablicos interiores y exteriores, tales como restaurantes, cafeter\u00edas, terrazas, bares, hospitales, oficinas, centros educativos, as\u00ed como otros espacios culturales y de ocio.<\/p>\n\n\n\n<p>La uni\u00f3n de varias empresas que colaboran en la fabricaci\u00f3n, distribuci\u00f3n y comercializaci\u00f3n de un <strong>Sistema Modular de Visualizaci\u00f3n y Control Ambiental en Tiempo Real para Espacios P\u00fablicos Cerrados, Exteriores, Terrazas, Bares y Restaurantes<\/strong><\/p>\n\n\n\n<p id=\"u50716-4\">LINE Se\u00f1alizaci\u00f3n Electr\u00f3nica, S.L.,&nbsp;somos una empresa de capital privado, con m\u00e1s de 25 a\u00f1os en el mercado, dedicada principalmente al desarrollo y fabricaci\u00f3n de equipos de informaci\u00f3n visual.<\/p>\n\n\n\n<p id=\"u50716-5\"><\/p>\n\n\n\n<p id=\"u50716-7\">Nuestra actividad principal es el desarrollo y fabricaci\u00f3n de equipos electr\u00f3nicos de informaci\u00f3n visual: videomarcadores, pantallas de informaci\u00f3n al viajero (aeropuertos, autopistas, ferrocarriles), cadenas de producci\u00f3n, relojes-temperatura, as\u00ed como proyectos en otros campos como son Seguridad, Comunicaciones, etc.<\/p>\n\n\n\n<p id=\"u50716-10\">Nuestros teleindicadores est\u00e1n preparados para integrarse en la red de AENA, ADIF, RENFE.<\/p>\n\n\n\n<p id=\"u50716-10\">Endothermicbag con gran amplia experiencia en grandes superficies, administraciones p\u00fablicas.&nbsp;<\/p>\n\n\n\n<p>http:\/\/line.es\/<\/p>\n\n\n\n<p><a href=\"http:\/\/line.es\/\">\u00a1Bienvenidos a LINE!<\/a><\/p>\n","protected":false},"excerpt":{"rendered":"<p>La presente invenci\u00f3n patente 202530502 se inscribe en el \u00e1mbito de la ingenier\u00eda electr\u00f3nica y de sistemas de monitorizaci\u00f3n ambiental, particularmente aquellos destinados a la medici\u00f3n, visualizaci\u00f3n, registro y gesti\u00f3n &#8230;<\/p>\n","protected":false},"author":1,"featured_media":0,"parent":0,"menu_order":0,"comment_status":"closed","ping_status":"closed","template":"","meta":{"footnotes":""},"class_list":["post-103","page","type-page","status-publish","hentry"],"jetpack_sharing_enabled":true,"_links":{"self":[{"href":"https:\/\/medioambientedisplay.com\/index.php?rest_route=\/wp\/v2\/pages\/103","targetHints":{"allow":["GET"]}}],"collection":[{"href":"https:\/\/medioambientedisplay.com\/index.php?rest_route=\/wp\/v2\/pages"}],"about":[{"href":"https:\/\/medioambientedisplay.com\/index.php?rest_route=\/wp\/v2\/types\/page"}],"author":[{"embeddable":true,"href":"https:\/\/medioambientedisplay.com\/index.php?rest_route=\/wp\/v2\/users\/1"}],"replies":[{"embeddable":true,"href":"https:\/\/medioambientedisplay.com\/index.php?rest_route=%2Fwp%2Fv2%2Fcomments&post=103"}],"version-history":[{"count":9,"href":"https:\/\/medioambientedisplay.com\/index.php?rest_route=\/wp\/v2\/pages\/103\/revisions"}],"predecessor-version":[{"id":294,"href":"https:\/\/medioambientedisplay.com\/index.php?rest_route=\/wp\/v2\/pages\/103\/revisions\/294"}],"wp:attachment":[{"href":"https:\/\/medioambientedisplay.com\/index.php?rest_route=%2Fwp%2Fv2%2Fmedia&parent=103"}],"curies":[{"name":"wp","href":"https:\/\/api.w.org\/{rel}","templated":true}]}}